{"id":66,"date":"2017-02-14T11:05:02","date_gmt":"2017-02-14T10:05:02","guid":{"rendered":"https:\/\/sitedespureux.wordpress.com\/?page_id=66"},"modified":"2019-10-09T16:48:24","modified_gmt":"2019-10-09T14:48:24","slug":"musique","status":"publish","type":"page","link":"https:\/\/pureux.org\/index.php\/musique\/","title":{"rendered":"Musique"},"content":{"rendered":"<h1><\/h1>\n<h1><span style=\"color: #808000;\"><strong>Het Bandje<\/strong>\u00a0[h\u00ebt b\u00ebnty\u00eb]<\/span><\/h1>\n<p>&nbsp;<\/p>\n<p>&nbsp;<\/p>\n<h3><span style=\"color: #ff6600;\">Het bandje signifie en n\u00e9erlandais \u00ab\u00a0le petit groupe\u00a0\u00bb (\u00ab\u00a0je\u00a0\u00bb est un diminutif tr\u00e8s courant en <\/span><span style=\"color: #ff6600;\">Flandre). Notre formation compte en effet six musiciens\u00a0: deux sonneurs de cornemuse, un fl\u00fbtiste, un accord\u00e9oniste et deux percussionnistes.<\/span><\/h3>\n<h3><span style=\"color: #ff6600;\">La cornemuse que nous utilisons s\u2019appelle le\u00a0<em>doedelzak<\/em>. Il s\u2019agit d\u2019une cornemuse flamande \u00e0 deux bourdons que l\u2019on peut reconna\u00eetre sur les tableaux de Pieter Brueghel l\u2019ancien.<\/span><\/h3>\n<h3><span style=\"color: #ff6600;\"><em>Het Bandje<\/em>\u00a0joue principalement des airs traditionnels flamands. Mais notre r\u00e9pertoire compte aussi des morceaux celtiques et des chansons plus modernes.<\/span><\/h3>\n<h3><span style=\"color: #ff6600;\">Notre groupe est une association r\u00e9gie par la loi 1901. Nous nous r\u00e9unissons chaque semaine. La\u00a0<em>F\u00eate des Pureux<\/em> de Roost-Warendin constitue le point d&#8217;orgue de notre calendrier. Nous avons \u00e9galement particip\u00e9 \u00e0 divers bals folks du Nord-Pas-de-Calais.<\/span><\/h3>\n\n","protected":false},"excerpt":{"rendered":"<p>Het Bandje\u00a0[h\u00ebt b\u00ebnty\u00eb] &nbsp; &nbsp; Het bandje signifie en n\u00e9erlandais \u00ab\u00a0le petit groupe\u00a0\u00bb (\u00ab\u00a0je\u00a0\u00bb est un diminutif tr\u00e8s courant en Flandre). Notre formation compte en effet six musiciens\u00a0: deux sonneurs de cornemuse, un fl\u00fbtiste, un[&#8230;]<\/p>\n","protected":false},"author":2,"featured_media":0,"parent":0,"menu_order":0,"comment_status":"closed","ping_status":"closed","template":"","meta":{"jetpack_post_was_ever_published":false,"footnotes":""},"class_list":["post-66","page","type-page","status-publish","hentry"],"jetpack_sharing_enabled":true,"jetpack_shortlink":"https:\/\/wp.me\/P8QBzY-14","jetpack-related-posts":[],"_links":{"self":[{"href":"https:\/\/pureux.org\/index.php\/wp-json\/wp\/v2\/pages\/66","targetHints":{"allow":["GET"]}}],"collection":[{"href":"https:\/\/pureux.org\/index.php\/wp-json\/wp\/v2\/pages"}],"about":[{"href":"https:\/\/pureux.org\/index.php\/wp-json\/wp\/v2\/types\/page"}],"author":[{"embeddable":true,"href":"https:\/\/pureux.org\/index.php\/wp-json\/wp\/v2\/users\/2"}],"replies":[{"embeddable":true,"href":"https:\/\/pureux.org\/index.php\/wp-json\/wp\/v2\/comments?post=66"}],"version-history":[{"count":7,"href":"https:\/\/pureux.org\/index.php\/wp-json\/wp\/v2\/pages\/66\/revisions"}],"predecessor-version":[{"id":2161,"href":"https:\/\/pureux.org\/index.php\/wp-json\/wp\/v2\/pages\/66\/revisions\/2161"}],"wp:attachment":[{"href":"https:\/\/pureux.org\/index.php\/wp-json\/wp\/v2\/media?parent=66"}],"curies":[{"name":"wp","href":"https:\/\/api.w.org\/{rel}","templated":true}]}}