{"id":51,"date":"2017-01-11T09:40:08","date_gmt":"2017-01-11T08:40:08","guid":{"rendered":"https:\/\/sitedespureux.wordpress.com\/?page_id=51"},"modified":"2025-02-10T17:56:47","modified_gmt":"2025-02-10T16:56:47","slug":"recrutement","status":"publish","type":"page","link":"https:\/\/pureux.org\/index.php\/recrutement\/","title":{"rendered":"Recrutement"},"content":{"rendered":"<h3><span style=\"color: #0000ff;\"><strong>Nous rejoindre\u00a0!<\/strong><\/span><\/h3>\n<h3><span style=\"color: #333333;\">Votre implication peut aller de la simple aide b\u00e9n\u00e9vole ponctuelle pour une ou plusieurs actions organis\u00e9es par l\u2019association&#8230;. <\/span><span style=\"color: #333333;\">\u00e0 la candidature comme futur Pureux.<\/span><\/h3>\n<h3><span style=\"color: #333333;\">Vous pouvez \u00e9galement nous aider en adh\u00e9rant \u00e0 l\u2019association<br \/>\n(10\u20ac l\u2019adh\u00e9sion, \u2026 et plus si vous le souhaitez)<\/span><\/h3>\n<h3><span style=\"color: #0000ff;\"><strong>Le CACP\u00a0:<\/strong><\/span><\/h3>\n<h3><span style=\"color: #333333;\">Toutes les activit\u00e9s du CACP sont gratuites, tout fonctionne sur la base du b\u00e9n\u00e9volat.<\/span><\/h3>\n<h3><span style=\"color: #333333;\"><em>Vous avez des talents, des passions, des projets, venez nous en parler. Nous sommes ouverts \u00e0 toutes les propositions. Elles seront \u00e9tudi\u00e9es avec attention et bienveillance.<\/em><\/span><\/h3>\n<h3><span style=\"color: #333333;\">Les r\u00e9unions CACP se font chaque 3<sup>\u00e8me<\/sup> jeudi du mois<\/span><\/h3>\n<h3><span style=\"color: #0000ff;\"><strong>Devenir Pureux :<br \/>\n<\/strong><\/span><\/h3>\n<h3><em><span style=\"color: #333333;\">La Compagnie des Pureux accepte parmi elle des Compagnons et des Compagnes de toutes origines et tous horizons sociaux, culturels, g\u00e9ographiques, religieux ou philosophiques afin de pratiquer des \u00e9changes fructueux et enrichissants, de tisser des liens forts. Ils se r\u00e9unissent r\u00e9guli\u00e8rement \u00e0 cet effet.<\/span><\/em><\/h3>\n<h4><span style=\"color: #333333;\">Pour devenir Compagnon Pureux, il faut commencer par montrer son int\u00e9r\u00eat pour la Compagnie dans le cadre des activit\u00e9s du CACP.<\/span><\/h4>\n<h4><span style=\"color: #333333;\">Un cheminement de 4 \u00e9tapes est n\u00e9cessaire \u00e0 l\u2019adh\u00e9sion compl\u00e8te d\u2019un nouveau membre\u00a0:<\/span><\/h4>\n<ul>\n<li>\n<h4><span style=\"color: #333333;\">S\u2019impliquer dans les activit\u00e9s du CACP : c\u2019est \u00e0 dire venir r\u00e9guli\u00e8rement aux r\u00e9unions, participer aux activit\u00e9s<br \/>\nIl faut conna\u00eetre la l\u00e9gende, et \u00eatre en accord avec les principes de tol\u00e9rance, et de solidarit\u00e9 qu\u2019elle sous-tend.<\/span><\/h4>\n<\/li>\n<\/ul>\n<h4><span style=\"color: #333333;\">Il n\u2019est pas n\u00e9cessaire d\u2019\u00eatre natif de Roost-Warendin, ou d\u2019y \u00eatre domicili\u00e9, mais il faut ressentir le besoin de participer \u00e0 la vie locale, bien s\u00fbr, et se rapprocher des Compagnons. Votre d\u00e9cision prise, vous enverrez une demande \u00e9crite en indiquant vos motivations.<\/span><\/h4>\n<ul>\n<li>\n<h4><span style=\"color: #333333;\">La R\u00e9union \u2018Purpureuse\u2019 : La candidature sera re\u00e7ue par le responsable de la Compagnie des Pureux et examin\u00e9e par toute la compagnie lors d\u2019une r\u00e9union nomm\u00e9e &#8220;Purpureuse&#8221;.<\/span><\/h4>\n<\/li>\n<\/ul>\n<h4><span style=\"color: #333333;\">Si l\u2019avis a \u00e9t\u00e9 favorable, vous choisirez 2 parrains (parmi les Pureux) qui \u00a0pr\u00e9pareront l\u2019entr\u00e9e dans la Compagnie.<\/span><\/h4>\n<ul>\n<li>\n<h4><span style=\"color: #333333;\">L\u2019intronisation priv\u00e9e : c\u2019est une c\u00e9r\u00e9monie qui ne se d\u00e9roule qu\u2019en pr\u00e9sence des Pureux. A la fin de celle-ci, l\u2019ensemble de la Compagnie propose au nouveau Pureux un surnom. On retrouve au sein de la compagnie actuelle par exemple : Papa, Pitaine, Nipette, Mautilus etc<\/span><\/h4>\n<\/li>\n<\/ul>\n<ul>\n<li>\n<h4><span style=\"color: #333333;\">L\u2019intronisation publique : elle avait lieu lors de la f\u00eate des Pureux, elle aura lieu d\u00e9sormais lors d&#8217;un \u00e9v\u00e9nement choisi en temps et en heure. Elle confirme l\u2019entr\u00e9e d\u00e9finitive du nouveau Pureux dans la Compagnie.<\/span><\/h4>\n<\/li>\n<\/ul>\n<h4><span style=\"color: #333333;\">N\u2019h\u00e9sitez donc pas \u00e0 nous contacter pour toutes questions, demande de participation \u00e0 nos activit\u00e9s, ou candidature !<br \/>\n<\/span><\/h4>\n<div data-test='contact-form'\n\t\t\tid='contact-form-51'\n\t\t\tclass='jetpack-contact-form-container '\n\t\t\tdata-wp-interactive='jetpack\/form' data-wp-context='{\"formId\":\"51\",\"formHash\":\"c774e1e823f29766b462bfd9d2863cce155a35ff\",\"showErrors\":false,\"errors\":[],\"fields\":[],\"isMultiStep\":false,\"useAjax\":true,\"submissionData\":null,\"formattedSubmissionData\":[],\"submissionSuccess\":false,\"submissionError\":null,\"elementId\":\"jp-form-c774e1e823f29766b462bfd9d2863cce155a35ff\",\"isSingleInputForm\":false,\"isForcedHorizontal\":false}'\n\t\t\tdata-wp-watch--scroll-to-wrapper=\"callbacks.scrollToWrapper\"\n\t\t>\n<div class=\"contact-form-submission contact-form-ajax-submission\" data-wp-bind--aria-hidden=\"state.isSuccessMessageAriaHidden\" data-wp-class--submission-success=\"context.submissionSuccess\" id=\"contact-form-success-c774e1e823f29766b462bfd9d2863cce155a35ff\" tabindex=\"-1\" aria-labelledby=\"contact-form-success-header-c774e1e823f29766b462bfd9d2863cce155a35ff\"><p class=\"go-back-message\"><a class=\"link\" role=\"button\" tabindex=\"0\" data-wp-on--click=\"actions.goBack\" href=\"\/index.php\/wp-json\/wp\/v2\/pages\/51\">\u2190 Retour<\/a><\/p><h4 data-wp-bind--aria-hidden=\"state.isSuccessMessageAriaHidden\" id=\"contact-form-success-header-c774e1e823f29766b462bfd9d2863cce155a35ff\">Merci pour votre r\u00e9ponse. \u2728<\/h4>\n\n<template data-wp-each--submission=\"context.formattedSubmissionData\">\n\t\t\t\t\t<div class=\"jetpack_forms_contact-form-success-summary\">\n\t\t\t\t\t\t<div class=\"field-name-wrapper\">\n\t\t\t\t\t\t\t<div class=\"field-type-icon\" data-wp-watch=\"callbacks.watchFieldTypeIcon\"><\/div>\n\t\t\t\t\t\t\t<div class=\"field-name\" data-wp-text=\"context.submission.label\" data-wp-bind--hidden=\"!context.submission.label\"><\/div>\n\t\t\t\t\t\t<\/div>\n\t\t\t\t\t\t<div class=\"field-value\" data-wp-text=\"context.submission.value\" data-wp-bind--hidden=\"!context.submission.showPlainValue\"><\/div>\n\t\t\t\t\t\t<a class=\"field-url\" data-wp-bind--href=\"context.submission.url\" data-wp-text=\"context.submission.value\" data-wp-bind--hidden=\"!context.submission.url\" target=\"_blank\" rel=\"noopener noreferrer\"><\/a>\n\t\t\t\t\t\t<div class=\"field-rating\" data-wp-bind--hidden=\"!context.submission.rating\" data-wp-watch=\"callbacks.watchRatingIcons\"><\/div>\n\t\t\t\t\t\t<div class=\"field-images\" data-wp-bind--hidden=\"!context.submission.images\">\n\t\t\t\t\t\t\t<template data-wp-each--image=\"context.submission.images\">\n\t\t\t\t\t\t\t\t<div class=\"field-image-option\" data-wp-class--is-empty=\"!context.image.src\">\n\t\t\t\t\t\t\t\t\t<figure class=\"field-image-option__image\" data-wp-class--is-empty=\"!context.image.src\">\n\t\t\t\t\t\t\t\t\t\t<img data-wp-bind--src=\"context.image.src\" data-wp-bind--hidden=\"!context.image.src\" \/>\n\t\t\t\t\t\t\t\t\t\t<img decoding=\"async\" src=\"data:image\/gif;base64,R0lGODlhAQABAAD\/ACwAAAAAAQABAAACADs=\" data-wp-bind--hidden=\"context.image.src\" \/>\n\t\t\t\t\t\t\t\t\t<\/figure>\n\t\t\t\t\t\t\t\t\t<div class=\"field-image-option__label-wrapper\">\n\t\t\t\t\t\t\t\t\t\t<span class=\"field-image-option__label-code\" data-wp-text=\"context.image.letterCode\"><\/span>\n\t\t\t\t\t\t\t\t\t\t<span class=\"field-image-option__label\" data-wp-text=\"context.image.label\" data-wp-bind--hidden=\"!context.image.label\"><\/span>\n\t\t\t\t\t\t\t\t\t<\/div>\n\t\t\t\t\t\t\t\t<\/div>\n\t\t\t\t\t\t\t<\/template>\n\t\t\t\t\t\t<\/div>\n\t\t\t\t\t\t<div class=\"field-files\" data-wp-bind--hidden=\"!context.submission.files\">\n\t\t\t\t\t\t\t<template data-wp-each--file=\"context.submission.files\">\n\t\t\t\t\t\t\t\t<div class=\"field-file\">\n\t\t\t\t\t\t\t\t\t<div class=\"field-file__thumbnail\" data-wp-style--background-image=\"context.file.previewUrl\" data-wp-style--mask-image=\"context.file.iconUrl\" data-wp-bind--hidden=\"!context.file.hasPreview\"><\/div>\n\t\t\t\t\t\t\t\t\t<svg class=\"field-file__icon\" data-wp-bind--hidden=\"context.file.hasPreview\" width=\"20\" height=\"20\" viewBox=\"0 0 24 24\" fill=\"none\" xmlns=\"http:\/\/www.w3.org\/2000\/svg\" aria-hidden=\"true\">\n\t\t\t\t\t\t\t\t\t\t<path d=\"M14 2H6C4.9 2 4 2.9 4 4V20C4 21.1 4.89 22 5.99 22H18C19.1 22 20 21.1 20 20V8L14 2ZM18 20H6V4H13V9H18V20Z\" fill=\"currentColor\"\/>\n\t\t\t\t\t\t\t\t\t<\/svg>\n\t\t\t\t\t\t\t\t\t<span class=\"field-file__name\" data-wp-text=\"context.file.name\"><\/span>\n\t\t\t\t\t\t\t\t\t<span class=\"field-file__size\" data-wp-text=\"context.file.size\"><\/span>\n\t\t\t\t\t\t\t\t<\/div>\n\t\t\t\t\t\t\t<\/template>\n\t\t\t\t\t\t<\/div>\n\t\t\t\t\t<\/div>\n\t\t\t\t<\/template><\/div><form action='https:\/\/pureux.org\/index.php\/recrutement\/'\n\t\t\t\tid='jp-form-c774e1e823f29766b462bfd9d2863cce155a35ff'\n\t\t\t\tmethod='post'\n\t\t\t\tclass='contact-form commentsblock jetpack-contact-form__form has-no-jetpack-form-layout' aria-label=\"Recrutement\"\n\t\t\t\tdata-wp-on--submit=\"actions.onFormSubmit\"\n\t\t\t\tdata-wp-on--reset=\"actions.onFormReset\"\n\t\t\t\tdata-wp-class--submission-success=\"context.submissionSuccess\"\n\t\t\t\tdata-wp-class--is-first-step=\"state.isFirstStep\"\n\t\t\t\tdata-wp-class--is-last-step=\"state.isLastStep\"\n\t\t\t\tdata-wp-class--is-ajax-form=\"context.useAjax\"\n\t\t\t\tnovalidate >\n<input type='hidden' name='jetpack_contact_form_jwt' value='eyJ0eXAiOiJKV1QiLCJhbGciOiJIUzI1NiJ9.eyJlbmNyeXB0ZWRfYXR0cmlidXRlcyI6ImNzU3JoU0x2VmxWZExtTUJ6clVXZzJwdXJLUkMvMkpqaUVjRGljMEpzRjZYNVRLcnA4OGR5TEhKdkJqRFB6K28wQXNKaGdVOVhNcnRCVXprYVZxZ3hjYXR1Y3F4UFVvQ25TTk4wQkQrMjNnWmhjTmk5MFZKN2dtWURYNG9jZkxzc2VXanNVVmtEcjdvNm81LzZnTGozM2JnN254dlpvS1dUdzF2TE1DdVZsT0M0ZkJZY2ExNlVKckprT2tyK3BKU2RYSXoxaTNqM1N2ZjUwOVhtemt4VGZOaXE3MWdKMWtuKzdIcTBldVNZTHdmUlBpTGRITThaYndvTTBjOUwrU09QdXlCemcrd2xaUFZLSzlTSERvemFPQTJqQXp2M3RQOXJxRXI1ck5OdTJiaUJkbG5BRW5ZeUtyMnlZUWdZbldNc0dDTUdOMEFvL1g5KytoOXRZOTRWd2NIamdvOVRZWEttSHNPbXdKUVRRelRSM3E3RWZiRVE1VkJCWitYZlN5VWNsNHdDLzFvZWswR2w5RWtJWXg2VTFjRUpWOFBtMExqZm9JeWsvODc2d1Z2NkszdkpXSTkwVEJDN2NQN3lzUFM5ODcyb1dlZDcyRU9rNzFmRTRHZ0ZDSXZNU05Jalo3bUEwcVpaSWpMVGdsazZaTHBsbTVFVU9TUHMrZkp3UXdZQ0w4RHFabk91Z2c3Rk4rVkFqQk85elRzemk3UUJoUldXRndTNkdZaktJNTl2cFhsdVJzYTNCUExwbFFkYmxrdURuWFRRSGdRRjY1UGo2WFE5ZjdLQ3pKbTU0eUk2SXB3WWtEY3lmZzZtTjRVYjBobTVLWU5Jc01PakMwODR3Rys4YzEyTVZpTEU1ZnNveE5FMUF4ODdjTW5xbS85dnFRY1B4NmhsN0dMdStKMmNaUEg3Zno5bnhaQmJRNTNBdUlldGpseHNiMmVDdUVvVGl1Y3Q0QWhqVXlVYi9zMEtEdXpzUmVKdXNmVFF2eEFsbW5aWFFiUmxFREtkV0txR0Z6Tm9nVSswTjM3OHZtaTNXbitkMGVCT3VYcGt5V1NLTG9zOVZ2clBiM0oxMjVsRkdYdnJ2Q3pjVStyTDJHMG5wa2k0VjUrZTBGbUhkRUkwWVZraXp3RUxVbW53eDVNYW5iblQ0dlNlbm1oRVdiWmxmMUhUUXZ1akxUUXREakV6dEp1NlJobmkxSXltMElqazNUOTA5akVEdz09IiwiY29udGVudCI6Iltjb250YWN0LWZpZWxkIGxhYmVsPVwiTm9tXCIgdHlwZT1cIm5hbWVcIiAgcmVxdWlyZWQ9XCJ0cnVlXCIgL11bY29udGFjdC1maWVsZCBsYWJlbD1cIkUtbWFpbFwiIHR5cGU9XCJlbWFpbFwiIHJlcXVpcmVkPVwidHJ1ZVwiIC9dW2NvbnRhY3QtZmllbGQgbGFiZWw9XCJTaXRlIHdlYlwiIHR5cGU9XCJ1cmxcIiAvXVtjb250YWN0LWZpZWxkIGxhYmVsPVwiTWVzc2FnZVwiIHR5cGU9XCJ0ZXh0YXJlYVwiIC9dIiwiaGFzaCI6ImM3NzRlMWU4MjNmMjk3NjZiNDYyYmZkOWQyODYzY2NlMTU1YTM1ZmYiLCJzb3VyY2UiOnsiZW50cnlfdGl0bGUiOiJSZWNydXRlbWVudCIsImVudHJ5X3BhZ2UiOjEsInNvdXJjZV9pZCI6NTEsInNvdXJjZV90eXBlIjoic2luZ2xlIiwicmVxdWVzdF91cmwiOiJodHRwczovL3B1cmV1eC5vcmcvd3AtanNvbi93cC92Mi9wYWdlcy81MSJ9LCJ2ZXJzaW9uIjoyLCJjaXBoZXIiOiJhZXMtMjU2LWdjbSJ9.8UNDtX-DfIivDeWS3BDA6rGiWaws9h_JgLKHPnJN0h4' \/>\n\n<div style=\"\"  data-wp-interactive=\"jetpack\/form\" data-wp-context='{\"fieldId\":\"g51-nom\",\"fieldType\":\"name\",\"fieldLabel\":\"Nom\",\"fieldValue\":\"\",\"fieldPlaceholder\":\"\",\"fieldIsRequired\":\"1\",\"fieldErrorMessage\":\"\",\"fieldExtra\":[],\"formHash\":\"c774e1e823f29766b462bfd9d2863cce155a35ff\"}'  class='grunion-field-name-wrap grunion-field-wrap'  data-wp-init='callbacks.initializeField' data-wp-on--jetpack-form-reset='callbacks.initializeField' >\n<label\n\t\t\t\tfor='g51-nom' class=\"grunion-field-label name\" >Nom<span class=\"grunion-label-required\" aria-hidden=\"true\">(obligatoire)<\/span><\/label>\n<input\n\t\t\t\t\ttype='text'\n\t\t\t\t\tname='g51-nom'\n\t\t\t\t\tid='g51-nom'\n\t\t\t\t\tvalue=''\n\n\t\t\t\t\tdata-wp-bind--aria-invalid='state.fieldAriaInvalid'\n\t\t\t\t\tdata-wp-bind--value='state.getFieldValue'\n\t\t\t\t\taria-describedby='g51-nom-text-error-message'\n\t\t\t\t\tdata-wp-on--input='actions.onFieldChange'\n\t\t\t\t\tdata-wp-on--blur='actions.onFieldBlur'\n\t\t\t\t\tdata-wp-class--has-value='state.hasFieldValue'\n\n\t\t\t\t\tclass='name  grunion-field' \n\t\t\t\t\trequired='true' aria-required='true'  \/>\n \n\t\t\t<div id=\"g51-nom-text-error\" class=\"contact-form__input-error\" data-wp-class--has-errors=\"state.fieldHasErrors\">\n\t\t\t\t<span class=\"contact-form__warning-icon\" aria-hidden=\"true\">\n\t\t\t\t\t<svg width=\"16\" height=\"16\" viewBox=\"0 0 16 16\" fill=\"none\" xmlns=\"http:\/\/www.w3.org\/2000\/svg\">\n\t\t\t\t\t\t<path d=\"M8.50015 11.6402H7.50015V10.6402H8.50015V11.6402Z\" \/>\n\t\t\t\t\t\t<path d=\"M7.50015 9.64018H8.50015V6.30684H7.50015V9.64018Z\" \/>\n\t\t\t\t\t\t<path fill-rule=\"evenodd\" clip-rule=\"evenodd\" d=\"M6.98331 3.0947C7.42933 2.30177 8.57096 2.30177 9.01698 3.09469L13.8771 11.7349C14.3145 12.5126 13.7525 13.4735 12.8602 13.4735H3.14004C2.24774 13.4735 1.68575 12.5126 2.12321 11.7349L6.98331 3.0947ZM8.14541 3.58496C8.08169 3.47168 7.9186 3.47168 7.85488 3.58496L2.99478 12.2251C2.93229 12.3362 3.01257 12.4735 3.14004 12.4735H12.8602C12.9877 12.4735 13.068 12.3362 13.0055 12.2251L8.14541 3.58496Z\" \/>\n\t\t\t\t\t<\/svg>\n\t\t\t\t<\/span>\n\t\t\t\t<span data-wp-text=\"state.errorMessage\" id=\"g51-nom-text-error-message\"><\/span>\n\t\t\t<\/div> \n\t<\/div>\n\n<div style=\"\"  data-wp-interactive=\"jetpack\/form\" data-wp-context='{\"fieldId\":\"g51-email\",\"fieldType\":\"email\",\"fieldLabel\":\"E-mail\",\"fieldValue\":\"\",\"fieldPlaceholder\":\"\",\"fieldIsRequired\":\"1\",\"fieldErrorMessage\":\"\",\"fieldExtra\":[],\"formHash\":\"c774e1e823f29766b462bfd9d2863cce155a35ff\"}'  class='grunion-field-email-wrap grunion-field-wrap'  data-wp-init='callbacks.initializeField' data-wp-on--jetpack-form-reset='callbacks.initializeField' >\n<label\n\t\t\t\tfor='g51-email' class=\"grunion-field-label email\" >E-mail<span class=\"grunion-label-required\" aria-hidden=\"true\">(obligatoire)<\/span><\/label>\n<input\n\t\t\t\t\ttype='email'\n\t\t\t\t\tname='g51-email'\n\t\t\t\t\tid='g51-email'\n\t\t\t\t\tvalue=''\n\n\t\t\t\t\tdata-wp-bind--aria-invalid='state.fieldAriaInvalid'\n\t\t\t\t\tdata-wp-bind--value='state.getFieldValue'\n\t\t\t\t\taria-describedby='g51-email-email-error-message'\n\t\t\t\t\tdata-wp-on--input='actions.onFieldChange'\n\t\t\t\t\tdata-wp-on--blur='actions.onFieldBlur'\n\t\t\t\t\tdata-wp-class--has-value='state.hasFieldValue'\n\n\t\t\t\t\tclass='email  grunion-field' \n\t\t\t\t\trequired='true' aria-required='true'  \/>\n \n\t\t\t<div id=\"g51-email-email-error\" class=\"contact-form__input-error\" data-wp-class--has-errors=\"state.fieldHasErrors\">\n\t\t\t\t<span class=\"contact-form__warning-icon\" aria-hidden=\"true\">\n\t\t\t\t\t<svg width=\"16\" height=\"16\" viewBox=\"0 0 16 16\" fill=\"none\" xmlns=\"http:\/\/www.w3.org\/2000\/svg\">\n\t\t\t\t\t\t<path d=\"M8.50015 11.6402H7.50015V10.6402H8.50015V11.6402Z\" \/>\n\t\t\t\t\t\t<path d=\"M7.50015 9.64018H8.50015V6.30684H7.50015V9.64018Z\" \/>\n\t\t\t\t\t\t<path fill-rule=\"evenodd\" clip-rule=\"evenodd\" d=\"M6.98331 3.0947C7.42933 2.30177 8.57096 2.30177 9.01698 3.09469L13.8771 11.7349C14.3145 12.5126 13.7525 13.4735 12.8602 13.4735H3.14004C2.24774 13.4735 1.68575 12.5126 2.12321 11.7349L6.98331 3.0947ZM8.14541 3.58496C8.08169 3.47168 7.9186 3.47168 7.85488 3.58496L2.99478 12.2251C2.93229 12.3362 3.01257 12.4735 3.14004 12.4735H12.8602C12.9877 12.4735 13.068 12.3362 13.0055 12.2251L8.14541 3.58496Z\" \/>\n\t\t\t\t\t<\/svg>\n\t\t\t\t<\/span>\n\t\t\t\t<span data-wp-text=\"state.errorMessage\" id=\"g51-email-email-error-message\"><\/span>\n\t\t\t<\/div> \n\t<\/div>\n\n<div style=\"\"  data-wp-interactive=\"jetpack\/form\" data-wp-context='{\"fieldId\":\"g51-siteweb\",\"fieldType\":\"url\",\"fieldLabel\":\"Site web\",\"fieldValue\":\"\",\"fieldPlaceholder\":\"\",\"fieldIsRequired\":\"\",\"fieldErrorMessage\":\"\",\"fieldExtra\":[],\"formHash\":\"c774e1e823f29766b462bfd9d2863cce155a35ff\"}'  class='grunion-field-url-wrap grunion-field-wrap'  data-wp-init='callbacks.initializeField' data-wp-on--jetpack-form-reset='callbacks.initializeField' >\n<label\n\t\t\t\tfor='g51-siteweb' class=\"grunion-field-label url\" >Site web<\/label>\n<input\n\t\t\t\t\ttype='text'\n\t\t\t\t\tname='g51-siteweb'\n\t\t\t\t\tid='g51-siteweb'\n\t\t\t\t\tvalue=''\n\n\t\t\t\t\tdata-wp-bind--aria-invalid='state.fieldAriaInvalid'\n\t\t\t\t\tdata-wp-bind--value='state.getFieldValue'\n\t\t\t\t\taria-describedby='g51-siteweb-text-error-message'\n\t\t\t\t\tdata-wp-on--input='actions.onFieldChange'\n\t\t\t\t\tdata-wp-on--blur='actions.onFieldBlur'\n\t\t\t\t\tdata-wp-class--has-value='state.hasFieldValue'\n\n\t\t\t\t\tclass='url  grunion-field' \n\t\t\t\t\t \/>\n \n\t\t\t<div id=\"g51-siteweb-text-error\" class=\"contact-form__input-error\" data-wp-class--has-errors=\"state.fieldHasErrors\">\n\t\t\t\t<span class=\"contact-form__warning-icon\" aria-hidden=\"true\">\n\t\t\t\t\t<svg width=\"16\" height=\"16\" viewBox=\"0 0 16 16\" fill=\"none\" xmlns=\"http:\/\/www.w3.org\/2000\/svg\">\n\t\t\t\t\t\t<path d=\"M8.50015 11.6402H7.50015V10.6402H8.50015V11.6402Z\" \/>\n\t\t\t\t\t\t<path d=\"M7.50015 9.64018H8.50015V6.30684H7.50015V9.64018Z\" \/>\n\t\t\t\t\t\t<path fill-rule=\"evenodd\" clip-rule=\"evenodd\" d=\"M6.98331 3.0947C7.42933 2.30177 8.57096 2.30177 9.01698 3.09469L13.8771 11.7349C14.3145 12.5126 13.7525 13.4735 12.8602 13.4735H3.14004C2.24774 13.4735 1.68575 12.5126 2.12321 11.7349L6.98331 3.0947ZM8.14541 3.58496C8.08169 3.47168 7.9186 3.47168 7.85488 3.58496L2.99478 12.2251C2.93229 12.3362 3.01257 12.4735 3.14004 12.4735H12.8602C12.9877 12.4735 13.068 12.3362 13.0055 12.2251L8.14541 3.58496Z\" \/>\n\t\t\t\t\t<\/svg>\n\t\t\t\t<\/span>\n\t\t\t\t<span data-wp-text=\"state.errorMessage\" id=\"g51-siteweb-text-error-message\"><\/span>\n\t\t\t<\/div> \n\t<\/div>\n\n<div style=\"\"  data-wp-interactive=\"jetpack\/form\" data-wp-context='{\"fieldId\":\"g51-message\",\"fieldType\":\"textarea\",\"fieldLabel\":\"Message\",\"fieldValue\":\"\",\"fieldPlaceholder\":\"\",\"fieldIsRequired\":\"\",\"fieldErrorMessage\":\"\",\"fieldExtra\":[],\"formHash\":\"c774e1e823f29766b462bfd9d2863cce155a35ff\"}'  class='grunion-field-textarea-wrap grunion-field-wrap'  data-wp-init='callbacks.initializeField' data-wp-on--jetpack-form-reset='callbacks.initializeField' >\n<label\n\t\t\t\tfor='contact-form-comment-g51-message' class=\"grunion-field-label textarea\" >Message<\/label>\n<textarea\n\t\t                style=''\n\t\t                name='g51-message'\n\t\t                id='contact-form-comment-g51-message'\n\t\t                rows='20'\n\t\t\t\t\t\tdata-wp-text='state.getFieldValue'\n\t\t\t\t\t\tdata-wp-on--input='actions.onFieldChange'\n\t\t\t\t\t\tdata-wp-on--blur='actions.onFieldBlur'\n\t\t\t\t\t\tdata-wp-class--has-value='state.hasFieldValue'\n\t\t\t\t\t\taria-describedby='g51-message-textarea-error-message'\n\t\t\t\t\t\tdata-wp-bind--aria-invalid='state.fieldAriaInvalid'\n\t\t\t\t\t\tclass='textarea  grunion-field'  ><\/textarea>\n \n\t\t\t<div id=\"g51-message-textarea-error\" class=\"contact-form__input-error\" data-wp-class--has-errors=\"state.fieldHasErrors\">\n\t\t\t\t<span class=\"contact-form__warning-icon\" aria-hidden=\"true\">\n\t\t\t\t\t<svg width=\"16\" height=\"16\" viewBox=\"0 0 16 16\" fill=\"none\" xmlns=\"http:\/\/www.w3.org\/2000\/svg\">\n\t\t\t\t\t\t<path d=\"M8.50015 11.6402H7.50015V10.6402H8.50015V11.6402Z\" \/>\n\t\t\t\t\t\t<path d=\"M7.50015 9.64018H8.50015V6.30684H7.50015V9.64018Z\" \/>\n\t\t\t\t\t\t<path fill-rule=\"evenodd\" clip-rule=\"evenodd\" d=\"M6.98331 3.0947C7.42933 2.30177 8.57096 2.30177 9.01698 3.09469L13.8771 11.7349C14.3145 12.5126 13.7525 13.4735 12.8602 13.4735H3.14004C2.24774 13.4735 1.68575 12.5126 2.12321 11.7349L6.98331 3.0947ZM8.14541 3.58496C8.08169 3.47168 7.9186 3.47168 7.85488 3.58496L2.99478 12.2251C2.93229 12.3362 3.01257 12.4735 3.14004 12.4735H12.8602C12.9877 12.4735 13.068 12.3362 13.0055 12.2251L8.14541 3.58496Z\" \/>\n\t\t\t\t\t<\/svg>\n\t\t\t\t<\/span>\n\t\t\t\t<span data-wp-text=\"state.errorMessage\" id=\"g51-message-textarea-error-message\"><\/span>\n\t\t\t<\/div>\n\t<\/div>\n\t<p class='contact-submit'>\n<div class=\"contact-form__error\" data-wp-class--show-errors=\"state.showFormErrors\"><span class=\"contact-form__warning-icon\" aria-hidden=\"true\"><i><\/i><\/span><span class=\"contact-form__error-message\" tabindex=\"-1\" data-wp-watch=\"callbacks.focusOnValidationError\" data-wp-text=\"state.getFormErrorMessage\"><\/span><ul aria-label=\"Erreurs de formulaire\">\n\t\t\t\t<template data-wp-each=\"state.getErrorList\" data-wp-key=\"context.item.id\">\n\t\t\t\t\t<li><a data-wp-bind--href=\"context.item.anchor\" data-wp-on--click=\"actions.scrollIntoView\" data-wp-text=\"context.item.label\"><\/a><\/li>\n\t\t\t\t<\/template>\n\t\t\t\t<\/ul><\/div><div class=\"contact-form__error\" data-wp-class--show-errors=\"state.showSubmissionError\" data-wp-text=\"context.submissionError\" tabindex=\"-1\" data-wp-watch=\"callbacks.focusOnSubmissionError\"><\/div>\t\t<button type='submit' class='pushbutton-wide'>Envoyer<\/button>\t\t<input type='hidden' name='contact-form-id' value='51' \/>\n\t\t<input type='hidden' name='action' value='grunion-contact-form' \/>\n\t\t<input type='hidden' name='contact-form-hash' value='c774e1e823f29766b462bfd9d2863cce155a35ff' \/>\n\t<\/p>\n<\/form>\n<\/div>\n<h4><span style=\"color: #333333;\">\u00a0<\/span><\/h4>\n","protected":false},"excerpt":{"rendered":"<p>Nous rejoindre\u00a0! Votre implication peut aller de la simple aide b\u00e9n\u00e9vole ponctuelle pour une ou plusieurs actions organis\u00e9es par l\u2019association&#8230;. \u00e0 la candidature comme futur Pureux. Vous pouvez \u00e9galement nous aider en adh\u00e9rant \u00e0 l\u2019association[&#8230;]<\/p>\n","protected":false},"author":2,"featured_media":0,"parent":0,"menu_order":0,"comment_status":"closed","ping_status":"closed","template":"","meta":{"jetpack_post_was_ever_published":false,"footnotes":""},"class_list":["post-51","page","type-page","status-publish","hentry"],"jetpack_sharing_enabled":true,"jetpack_shortlink":"https:\/\/wp.me\/P8QBzY-P","jetpack-related-posts":[],"_links":{"self":[{"href":"https:\/\/pureux.org\/index.php\/wp-json\/wp\/v2\/pages\/51","targetHints":{"allow":["GET"]}}],"collection":[{"href":"https:\/\/pureux.org\/index.php\/wp-json\/wp\/v2\/pages"}],"about":[{"href":"https:\/\/pureux.org\/index.php\/wp-json\/wp\/v2\/types\/page"}],"author":[{"embeddable":true,"href":"https:\/\/pureux.org\/index.php\/wp-json\/wp\/v2\/users\/2"}],"replies":[{"embeddable":true,"href":"https:\/\/pureux.org\/index.php\/wp-json\/wp\/v2\/comments?post=51"}],"version-history":[{"count":4,"href":"https:\/\/pureux.org\/index.php\/wp-json\/wp\/v2\/pages\/51\/revisions"}],"predecessor-version":[{"id":2846,"href":"https:\/\/pureux.org\/index.php\/wp-json\/wp\/v2\/pages\/51\/revisions\/2846"}],"wp:attachment":[{"href":"https:\/\/pureux.org\/index.php\/wp-json\/wp\/v2\/media?parent=51"}],"curies":[{"name":"wp","href":"https:\/\/api.w.org\/{rel}","templated":true}]}}