{"id":168,"date":"2017-03-01T09:39:40","date_gmt":"2017-03-01T08:39:40","guid":{"rendered":"https:\/\/sitedespureux.wordpress.com\/?page_id=168"},"modified":"2017-06-19T15:57:47","modified_gmt":"2017-06-19T13:57:47","slug":"theatre","status":"publish","type":"page","link":"https:\/\/pureux.org\/index.php\/theatre\/","title":{"rendered":"Th\u00e9\u00e2tre"},"content":{"rendered":"<h1>Les Camanettes<\/h1>\n<p>&nbsp;<\/p>\n<h4><span style=\"color: #000080;\">Le th\u00e9\u00e2tre des Pureux, dans un premier temps n\u2019\u00e9tait que l\u2019intervention de certaines personnes autour des r\u00e9cits de la l\u00e9gende.<\/span><\/h4>\n<h4><span style=\"color: #000080;\">Lors du 10<sup>\u00e8me<\/sup> anniversaire de la cr\u00e9ation des Pureux, un spectacle fut mont\u00e9, spectacle qui \u00e9tonna tout le monde.<\/span><\/h4>\n<h4><span style=\"color: #000080;\">Par la suite, lors des f\u00eates annuelles des Pureux, il fut d\u00e9cid\u00e9 que des sayn\u00e8tes, toujours li\u00e9es \u00e0 la l\u00e9gende, seraient anim\u00e9es par les Pureux et proches pour attirer les visiteurs et les amener \u00e0 s\u2019interroger sur le devenir des personnages de la l\u00e9gende.<\/span><\/h4>\n<h4><span style=\"color: #000080;\">De caf\u00e9-th\u00e9\u00e2tre, o\u00f9 s\u2019entrem\u00ealaient des s\u00e9quences th\u00e9\u00e2trales, des r\u00e9cits et des chansons, une suite logique \u00e0 toutes ces activit\u00e9s est apparue \u00e9vidente, et disons, n\u00e9cessaire.<\/span><\/h4>\n<h4><span style=\"color: #000080;\">Sans perdre l\u2019id\u00e9e de la l\u00e9gende, et sans s\u2019en \u00e9carter, des suites th\u00e9\u00e2trales, compos\u00e9es de diff\u00e9rentes sc\u00e8nes, li\u00e9es aux probl\u00e8mes de vie des seigneurs, des paysans, du <em>mayeur<\/em> ou autre cur\u00e9 des villages de l\u2019\u00e9poque se sont mises en place pour raconter leur histoire, mais aussi pour amuser le public.<\/span><\/h4>\n<h4><span style=\"color: #000080;\">Apr\u00e8s maintenant 10 ann\u00e9es, les spectateurs reviennent pour suivre les d\u00e9boires et aventures des diff\u00e9rents personnages des villages ou autres venus d\u2019ailleurs pour vaincre la b\u00eate des marais, l\u2019 <em>Estreimbiesse<\/em>\u2026.. On rigole, on r\u00e9fl\u00e9chit, on se dit que la l\u00e9gende n\u2019est pas qu\u2019une l\u00e9gende, et l\u00e0 on prend peur, pas pour les Pureux et tous ceux qui font vivre la l\u00e9gende, mais pour vous qui lisez ce site\u2026\u2026Venez voir nos spectacles, vous comprendrez pourquoi vous devez r\u00e9fl\u00e9chir\u2026.<br \/>\n<\/span><\/h4>\n\n","protected":false},"excerpt":{"rendered":"<p>Les Camanettes &nbsp; Le th\u00e9\u00e2tre des Pureux, dans un premier temps n\u2019\u00e9tait que l\u2019intervention de certaines personnes autour des r\u00e9cits de la l\u00e9gende. Lors du 10\u00e8me anniversaire de la cr\u00e9ation des Pureux, un spectacle fut[&#8230;]<\/p>\n","protected":false},"author":2,"featured_media":0,"parent":0,"menu_order":0,"comment_status":"closed","ping_status":"closed","template":"","meta":{"jetpack_post_was_ever_published":false,"footnotes":""},"class_list":["post-168","page","type-page","status-publish","hentry"],"jetpack_sharing_enabled":true,"jetpack_shortlink":"https:\/\/wp.me\/P8QBzY-2I","jetpack-related-posts":[],"_links":{"self":[{"href":"https:\/\/pureux.org\/index.php\/wp-json\/wp\/v2\/pages\/168","targetHints":{"allow":["GET"]}}],"collection":[{"href":"https:\/\/pureux.org\/index.php\/wp-json\/wp\/v2\/pages"}],"about":[{"href":"https:\/\/pureux.org\/index.php\/wp-json\/wp\/v2\/types\/page"}],"author":[{"embeddable":true,"href":"https:\/\/pureux.org\/index.php\/wp-json\/wp\/v2\/users\/2"}],"replies":[{"embeddable":true,"href":"https:\/\/pureux.org\/index.php\/wp-json\/wp\/v2\/comments?post=168"}],"version-history":[{"count":2,"href":"https:\/\/pureux.org\/index.php\/wp-json\/wp\/v2\/pages\/168\/revisions"}],"predecessor-version":[{"id":501,"href":"https:\/\/pureux.org\/index.php\/wp-json\/wp\/v2\/pages\/168\/revisions\/501"}],"wp:attachment":[{"href":"https:\/\/pureux.org\/index.php\/wp-json\/wp\/v2\/media?parent=168"}],"curies":[{"name":"wp","href":"https:\/\/api.w.org\/{rel}","templated":true}]}}