{"id":1635,"date":"2019-01-31T13:12:55","date_gmt":"2019-01-31T12:12:55","guid":{"rendered":"http:\/\/pureux.org\/?page_id=1635"},"modified":"2019-01-31T13:13:57","modified_gmt":"2019-01-31T12:13:57","slug":"la-legende-a-lecole","status":"publish","type":"page","link":"https:\/\/pureux.org\/index.php\/la-legende-a-lecole\/","title":{"rendered":"La L\u00e9gende \u00e0 l&#8217;\u00e9cole"},"content":{"rendered":"<p style=\"text-align: left;\">\u00a0\u00a0\u00a0\u00a0\u00a0\u00a0\u00a0\u00a0 \u00a0 \u00a0 \u00a0 \u00a0 \u00a0 \u00a0 \u00a0 \u00a0\u00a0 <span style=\"color: #993366;\">Toujours dans le cadre de notre cheminement vers la f\u00eate des Pureux du mois de mai, lundi 28 janvier G\u00e9rard a cont\u00e9 la <em>L\u00e9gende de Ch&#8217;Pureux<\/em> aux enfants de l&#8217;\u00e9cole du Centre \u00e0 Roost-Warendin accompagn\u00e9 de Pureux lui-m\u00eame, calme comme toujours, et surtout pr\u00eat \u00e0 enseigner ses gestes de paix contre l&#8217;Estreimbiesse, pour que les enfants fassent passer le message autour d&#8217;eux.<\/p>\n<p><\/span><\/p>\n<p><span style=\"color: #993366;\">&#8220;Un beau moment de classe &#8230;! &#8221; d&#8217;apr\u00e8s le directeur enthousiaste<\/span><\/p>\n<p>&nbsp;<\/p>\n<p><img data-recalc-dims=\"1\" loading=\"lazy\" decoding=\"async\" class=\" wp-image-1636 aligncenter\" src=\"https:\/\/i0.wp.com\/pureux.org\/wp-content\/uploads\/2019\/01\/20190128_0917161-130x130.jpg?resize=202%2C202&#038;ssl=1\" alt=\"\" width=\"202\" height=\"202\" \/><\/p>\n","protected":false},"excerpt":{"rendered":"<p>\u00a0\u00a0\u00a0\u00a0\u00a0\u00a0\u00a0\u00a0 \u00a0 \u00a0 \u00a0 \u00a0 \u00a0 \u00a0 \u00a0 \u00a0\u00a0 Toujours dans le cadre de notre cheminement vers la f\u00eate des Pureux du mois de mai, lundi 28 janvier G\u00e9rard a cont\u00e9 la L\u00e9gende de Ch&#8217;Pureux[&#8230;]<\/p>\n","protected":false},"author":1,"featured_media":0,"parent":0,"menu_order":0,"comment_status":"closed","ping_status":"closed","template":"","meta":{"jetpack_post_was_ever_published":false,"footnotes":""},"class_list":["post-1635","page","type-page","status-publish","hentry"],"jetpack_sharing_enabled":true,"jetpack_shortlink":"https:\/\/wp.me\/P8QBzY-qn","jetpack-related-posts":[],"_links":{"self":[{"href":"https:\/\/pureux.org\/index.php\/wp-json\/wp\/v2\/pages\/1635","targetHints":{"allow":["GET"]}}],"collection":[{"href":"https:\/\/pureux.org\/index.php\/wp-json\/wp\/v2\/pages"}],"about":[{"href":"https:\/\/pureux.org\/index.php\/wp-json\/wp\/v2\/types\/page"}],"author":[{"embeddable":true,"href":"https:\/\/pureux.org\/index.php\/wp-json\/wp\/v2\/users\/1"}],"replies":[{"embeddable":true,"href":"https:\/\/pureux.org\/index.php\/wp-json\/wp\/v2\/comments?post=1635"}],"version-history":[{"count":2,"href":"https:\/\/pureux.org\/index.php\/wp-json\/wp\/v2\/pages\/1635\/revisions"}],"predecessor-version":[{"id":1638,"href":"https:\/\/pureux.org\/index.php\/wp-json\/wp\/v2\/pages\/1635\/revisions\/1638"}],"wp:attachment":[{"href":"https:\/\/pureux.org\/index.php\/wp-json\/wp\/v2\/media?parent=1635"}],"curies":[{"name":"wp","href":"https:\/\/api.w.org\/{rel}","templated":true}]}}