{"id":1516,"date":"2018-11-26T10:03:00","date_gmt":"2018-11-26T09:03:00","guid":{"rendered":"http:\/\/pureux.org\/?page_id=1516"},"modified":"2021-01-31T17:34:32","modified_gmt":"2021-01-31T16:34:32","slug":"telethon","status":"publish","type":"page","link":"https:\/\/pureux.org\/index.php\/telethon\/","title":{"rendered":"T\u00e9l\u00e9thon 2018"},"content":{"rendered":"<h2>\u00a0\u00a0\u00a0\u00a0\u00a0\u00a0\u00a0\u00a0\u00a0 La Compagnie des Pureux et son Comit\u00e9 ont particip\u00e9<br \/>\nau T\u00e9l\u00e9thon avec l&#8217;Amicale la\u00efque en la salle des f\u00eates de Roost-Warendin <strong>dimanche 2\u00a0 d\u00e9cembre 2018<\/strong><\/h2>\n<h3><\/h3>\n\n<h3>\u00a0\u00a0\u00a0\u00a0\u00a0\u00a0 \u00a0\u00a0\u00a0\u00a0\u00a0\u00a0 \u00a0\u00a0\u00a0<span style=\"color: #ff9900;\">\u00a0 \u00a0 \u00a0\u00a0 <\/span><span style=\"color: #339966;\"><em>Le public chaleureux a appr\u00e9ci\u00e9 cette apr\u00e8s-midi festive pour la bonne cause, avec les Camanettes et les Archelles du Cacp, ainsi que les Hirondelles, ch\u0153ur de l&#8217;Amicale la\u00efque et les Messgetebal groupe de danse.<\/em><\/span><\/h3>\n<p>&nbsp;<\/p>\n<h3><span style=\"color: #339966;\"><em>Entre Camanettes et Messgetebal &#8230;..\u00a0 concurrence et bonne humeur !<br \/>\nAvec les Archelles et les Hirondelles nous avons senti pousser nos ailes !<\/em> <\/span><\/h3>\n\n<h3><span style=\"color: #339966;\"><em><br \/>\nLe spectacle de qualit\u00e9 et vari\u00e9 s&#8217;est d\u00e9roul\u00e9 majestueusement, en un v\u00e9ritable m\u00e9lim\u00e9lo joyeux.<br \/>\n<\/em><\/span><span style=\"color: #ffcc00;\">\u00a0<\/span><\/h3>\n\n<h4><span style=\"color: #339966;\"><em>\u00a0<span style=\"color: #993366;\">Sylvie s&#8217;est charg\u00e9e de quelques photos, et en a emprunt\u00e9 d&#8217;autres splendides \u00e0 Arnaud &#8230; merci \u00e0 lui !<br \/>\n<\/span><\/em><\/span><\/h4>\n<h3><\/h3>\n<h3><\/h3>\n<p>&nbsp;<\/p>\n","protected":false},"excerpt":{"rendered":"<p>\u00a0\u00a0\u00a0\u00a0\u00a0\u00a0\u00a0\u00a0\u00a0 La Compagnie des Pureux et son Comit\u00e9 ont particip\u00e9 au T\u00e9l\u00e9thon avec l&#8217;Amicale la\u00efque en la salle des f\u00eates de Roost-Warendin dimanche 2\u00a0 d\u00e9cembre 2018 \u00a0\u00a0\u00a0\u00a0\u00a0\u00a0 \u00a0\u00a0\u00a0\u00a0\u00a0\u00a0 \u00a0\u00a0\u00a0\u00a0 \u00a0 \u00a0\u00a0 Le public chaleureux a[&#8230;]<\/p>\n","protected":false},"author":1,"featured_media":0,"parent":0,"menu_order":0,"comment_status":"closed","ping_status":"closed","template":"","meta":{"jetpack_post_was_ever_published":false,"footnotes":""},"class_list":["post-1516","page","type-page","status-publish","hentry"],"jetpack_sharing_enabled":true,"jetpack_shortlink":"https:\/\/wp.me\/P8QBzY-os","jetpack-related-posts":[],"_links":{"self":[{"href":"https:\/\/pureux.org\/index.php\/wp-json\/wp\/v2\/pages\/1516","targetHints":{"allow":["GET"]}}],"collection":[{"href":"https:\/\/pureux.org\/index.php\/wp-json\/wp\/v2\/pages"}],"about":[{"href":"https:\/\/pureux.org\/index.php\/wp-json\/wp\/v2\/types\/page"}],"author":[{"embeddable":true,"href":"https:\/\/pureux.org\/index.php\/wp-json\/wp\/v2\/users\/1"}],"replies":[{"embeddable":true,"href":"https:\/\/pureux.org\/index.php\/wp-json\/wp\/v2\/comments?post=1516"}],"version-history":[{"count":11,"href":"https:\/\/pureux.org\/index.php\/wp-json\/wp\/v2\/pages\/1516\/revisions"}],"predecessor-version":[{"id":2421,"href":"https:\/\/pureux.org\/index.php\/wp-json\/wp\/v2\/pages\/1516\/revisions\/2421"}],"wp:attachment":[{"href":"https:\/\/pureux.org\/index.php\/wp-json\/wp\/v2\/media?parent=1516"}],"curies":[{"name":"wp","href":"https:\/\/api.w.org\/{rel}","templated":true}]}}