{"id":1375,"date":"2018-10-06T19:02:22","date_gmt":"2018-10-06T17:02:22","guid":{"rendered":"http:\/\/pureux.org\/?page_id=1375"},"modified":"2018-10-06T19:30:09","modified_gmt":"2018-10-06T17:30:09","slug":"nous-accompagnons-les-pureux","status":"publish","type":"page","link":"https:\/\/pureux.org\/index.php\/a-propos\/nous-accompagnons-les-pureux\/","title":{"rendered":"Nous accompagnons les pureux"},"content":{"rendered":"<h1><\/h1>\n<h1>\u00a0\u00a0\u00a0\u00a0\u00a0\u00a0\u00a0\u00a0\u00a0\u00a0\u00a0\u00a0\u00a0 Bref historique de l\u2019association<\/h1>\n<p>&nbsp;<\/p>\n<h3><span style=\"color: #000080;\">1986 &#8211; Premi\u00e8re apparition publique du projet dont l\u2019objectif \u00e9tait de trouver, \u00e0 la demande de la commune une id\u00e9e de g\u00e9ant. Cette id\u00e9e se d\u00e9marquait des autres propositions (repr\u00e9sentants de corporations, personnages historiques, \u2026) car le personnage \u00e9tait mythique et conf\u00e9rait au personnage principal une dimension philosophique sous-tendue dans un texte fondateur\u00a0: la l\u00e9gende de \u00ab\u00a0Ch\u2019Pureux\u00a0\u00bb. Autour de ce personnage et de cette l\u00e9gende s\u2019articulait une f\u00eate annuelle populaire. Le contexte de l\u2019\u00e9poque \u00e9tait une crise \u00e9conomique dure et durable et la perte d\u2019identit\u00e9 ressentie par la population du Douaisis suite \u00e0 l\u2019effondrement de la mine. Le but \u00e9tait de recr\u00e9er la confiance, de donner de la joie et de lutter contre la tentation de l&#8217;exclusion qui accompagne toujours de telles crises, par le biais de la f\u00eate et d&#8217;un projet commun de grande envergure.<\/span><\/h3>\n<blockquote>\n<ul>\n<li><span style=\"color: #008000;\"><em>R\u00e9 ancrer nos racines au-del\u00e0 de la mine,<\/em><\/span><\/li>\n<li><span style=\"color: #008000;\"><em>En un pass\u00e9 lointain.<\/em><\/span><\/li>\n<li><span style=\"color: #008000;\"><em>Dans un pr\u00e9sent difficile, incertain, trouver<\/em><\/span><\/li>\n<li><span style=\"color: #008000;\"><em>Pour rester au pays<\/em><\/span><\/li>\n<li><span style=\"color: #008000;\"><em>Des raisons de ne pas s&#8217;arracher \u00e0 sa chair.<\/em><\/span><\/li>\n<li><span style=\"color: #008000;\"><em>Rassembler l&#8217;\u00e9nergie<\/em><\/span><\/li>\n<li><span style=\"color: #008000;\"><em>Des sources vives et profondes de sa culture,<\/em><\/span><\/li>\n<li><span style=\"color: #008000;\"><em>Ne pas laisser filer !<\/em><\/span><\/li>\n<li><span style=\"color: #008000;\"><em>S&#8217;\u00e9crier \u00e0 tout va que la vie est future<\/em><\/span><\/li>\n<li><span style=\"color: #008000;\"><em>De bonheur en labeur,<\/em><\/span><\/li>\n<li><span style=\"color: #008000;\"><em>D&#8217;espoir en joie \u00e9clatante et charnue comme<\/em><\/span><\/li>\n<li><span style=\"color: #008000;\"><em>Une nique \u00e0 Pieter.<\/em><\/span><\/li>\n<\/ul>\n<\/blockquote>\n<p>&nbsp;<\/p>\n<h3><span style=\"color: #000080;\"><strong>1988<\/strong> &#8211; Publication de &#8220;<a style=\"color: #000080;\" href=\"https:\/\/wp.me\/P8QBzY-2s\"><em><span style=\"color: #0000ff;\">La l\u00e9gende de Ch\u2019pureux<\/span><\/em><\/a><em>&#8220;<\/em> illustr\u00e9e, et d\u00e9but de la construction du g\u00e9ant dans le cadre de l\u2019ALRW (Amicale La\u00efque de Roost-Warendin) qui finance l\u2019op\u00e9ration.<\/span><\/h3>\n<h3><span style=\"color: #000080;\"><strong>1989<\/strong> \u2013 Naissance de la compagnie des Pureux et du g\u00e9ant &#8220;Ch&#8217;Pureux&#8221;<\/span><\/h3>\n<h3><span style=\"color: #000080;\"><strong>1990<\/strong> \u2013 Premi\u00e8re sortie du g\u00e9ant lors de la 1\u00e8re f\u00eate de la Compagnie des Pureux (le 23 mars) et intronisation des 15 premiers Pureux.<\/span><\/h3>\n<h3><span style=\"color: #000080;\"><strong>1993<\/strong> \u2013 Cr\u00e9ation d\u2019une structure l\u00e9gale, juridique et administrative sp\u00e9cifique pour l\u2019ensemble des activit\u00e9s de l\u2019association (CACP).<\/span><\/h3>\n<h3><span style=\"color: #000080;\"><strong>1989 \u2013 2006<\/strong> \u2013 F\u00eate au quartier du Marais, chaque 3\u00e8me ou 4\u00e8me dimanche d\u2019avril. Chaque ann\u00e9e, les bandes rejouaient le samedi les &#8220;<em>batillaches<\/em>&#8221; qui avaient lieu alors, issus de la discorde entre les diff\u00e9rents hameaux. Le dimanche, c&#8217;\u00e9tait la sortie du g\u00e9ant, avec les cornemuseux, le combat puis le &#8220;<em>grind ramissache<\/em>&#8220;. Elle est cl\u00f4tur\u00e9e par l&#8217;intronisation publique des nouveaux Pureux qui consacre leur entr\u00e9e d\u00e9finitive au sein de la Compagnie.<\/span><\/h3>\n<h3><span style=\"color: #000080;\"><strong>2007 <\/strong>\u2013 La f\u00eate a d\u00e9sormais lieu au ch\u00e2teau de Bernicourt, et ce changement de lieu entrainera l\u2019apparition du groupe de cabaret-th\u00e9\u00e2tre qui interpr\u00e8te chaque ann\u00e9e \u00e0 cette occasion des sketchs, po\u00e8mes, chants, pi\u00e8ces patoisantes etc. Chaque ann\u00e9e, avant la f\u00eate, la compagnie organise des interventions diverses dans les \u00e9coles et le coll\u00e8ge<\/span><\/h3>\n<h3><span style=\"color: #000080;\"><strong>2014 <\/strong>\u2013 Projet de construction du robot Colas (pr\u00e9sent\u00e9 lors du 25\u00e8me anniversaire de la compagnie des Pureux en 2015) en partenariat avec l\u2019\u00e9cole des Mines de Douai.<\/span><\/h3>\n<h3><span style=\"color: #000080;\"><strong>2015<\/strong> &#8211; 25<sup>\u00e8me\u00a0<\/sup>anniversaire de la f\u00eate des Pureux<\/span><\/h3>\n<h3><span style=\"color: #000080;\"><strong>2016<\/strong> \u2013 1<sup>\u00e8re<\/sup> f\u00eate de la Fraternit\u00e9, autre temps fort de la f\u00eate des Pureux. Derni\u00e8re sortie en date de Ch\u2019Pureux et de Colas lors d\u2019un grand d\u00e9fil\u00e9 de g\u00e9ants locaux et r\u00e9gionaux \u00e0 Maing.<\/span><\/h3>\n<h3><span style=\"color: #000080;\"><strong>2016 &#8211; 2017<\/strong> \u2013 Nouveau projet en partenariat avec l\u2019\u00e9cole des Mines de Douai\u00a0: ouverture d\u2019un site internet , et d\u2019une r\u00e9vision\/d\u00e9veloppement du robot Colas, mise en place d\u2019un \u00ab\u00a0Chtikip\u00e9dia\u00a0\u00bb. Mais aussi ateliers de travaux manuels (projet p\u00e9dagogique) autour du costume de paysan dans les \u00e9coles.<\/span><\/h3>\n","protected":false},"excerpt":{"rendered":"<p>\u00a0\u00a0\u00a0\u00a0\u00a0\u00a0\u00a0\u00a0\u00a0\u00a0\u00a0\u00a0\u00a0 Bref historique de l\u2019association &nbsp; 1986 &#8211; Premi\u00e8re apparition publique du projet dont l\u2019objectif \u00e9tait de trouver, \u00e0 la demande de la commune une id\u00e9e de g\u00e9ant. Cette id\u00e9e se d\u00e9marquait des autres propositions[&#8230;]<\/p>\n","protected":false},"author":1,"featured_media":0,"parent":5,"menu_order":0,"comment_status":"closed","ping_status":"closed","template":"","meta":{"jetpack_post_was_ever_published":false,"footnotes":""},"class_list":["post-1375","page","type-page","status-publish","hentry"],"jetpack_sharing_enabled":true,"jetpack_shortlink":"https:\/\/wp.me\/P8QBzY-mb","jetpack-related-posts":[],"_links":{"self":[{"href":"https:\/\/pureux.org\/index.php\/wp-json\/wp\/v2\/pages\/1375","targetHints":{"allow":["GET"]}}],"collection":[{"href":"https:\/\/pureux.org\/index.php\/wp-json\/wp\/v2\/pages"}],"about":[{"href":"https:\/\/pureux.org\/index.php\/wp-json\/wp\/v2\/types\/page"}],"author":[{"embeddable":true,"href":"https:\/\/pureux.org\/index.php\/wp-json\/wp\/v2\/users\/1"}],"replies":[{"embeddable":true,"href":"https:\/\/pureux.org\/index.php\/wp-json\/wp\/v2\/comments?post=1375"}],"version-history":[{"count":3,"href":"https:\/\/pureux.org\/index.php\/wp-json\/wp\/v2\/pages\/1375\/revisions"}],"predecessor-version":[{"id":1379,"href":"https:\/\/pureux.org\/index.php\/wp-json\/wp\/v2\/pages\/1375\/revisions\/1379"}],"up":[{"embeddable":true,"href":"https:\/\/pureux.org\/index.php\/wp-json\/wp\/v2\/pages\/5"}],"wp:attachment":[{"href":"https:\/\/pureux.org\/index.php\/wp-json\/wp\/v2\/media?parent=1375"}],"curies":[{"name":"wp","href":"https:\/\/api.w.org\/{rel}","templated":true}]}}