{"id":113,"date":"2017-03-01T08:47:35","date_gmt":"2017-03-01T07:47:35","guid":{"rendered":"https:\/\/sitedespureux.wordpress.com\/phototheque\/"},"modified":"2021-01-31T18:21:29","modified_gmt":"2021-01-31T17:21:29","slug":"phototheque","status":"publish","type":"page","link":"https:\/\/pureux.org\/index.php\/phototheque\/","title":{"rendered":"Phototh\u00e8que"},"content":{"rendered":"<h2><span style=\"color: #008000;\">2018 <\/span><\/h2>\n<p>&nbsp;<\/p>\n<p><span style=\"color: #0000ff;\"><strong>20 juin :\u00a0 <\/strong><\/span><strong><span style=\"color: #0000ff;\">R\u00e9union du solstice &#8230; derni\u00e8re r\u00e9union avant la pause d&#8217;\u00e9t\u00e9<\/span><\/strong><\/p>\n<h4><strong><em><span style=\"color: #008000;\">Nous f\u00eatons les anniversaires de Sonia et de Maurice &#8230;<\/span><\/em><\/strong><br \/>\n<strong><em><span style=\"color: #008000;\">apr\u00e8s avoir travaill\u00e9 aux id\u00e9es \u00e0 mettre en forme pour la prochaine f\u00eate<\/span><\/em><\/strong><br \/>\n<img data-recalc-dims=\"1\" loading=\"lazy\" decoding=\"async\" class=\"alignnone wp-image-1292\" src=\"https:\/\/i0.wp.com\/pureux.org\/wp-content\/uploads\/2018\/06\/20180620_210234-130x130.jpg?resize=230%2C230&#038;ssl=1\" alt=\"\" width=\"230\" height=\"230\" \/> <img data-recalc-dims=\"1\" loading=\"lazy\" decoding=\"async\" class=\"alignnone  wp-image-1293\" src=\"https:\/\/i0.wp.com\/pureux.org\/wp-content\/uploads\/2018\/06\/20180620_210306-300x189.jpg?resize=260%2C164&#038;ssl=1\" alt=\"\" width=\"260\" height=\"164\" \/> <img data-recalc-dims=\"1\" loading=\"lazy\" decoding=\"async\" class=\"alignnone size-medium wp-image-1294\" src=\"https:\/\/i0.wp.com\/pureux.org\/wp-content\/uploads\/2018\/06\/20180620_210314-300x169.jpg?resize=300%2C169&#038;ssl=1\" alt=\"\" width=\"300\" height=\"169\" \/><\/h4>\n<p><img data-recalc-dims=\"1\" loading=\"lazy\" decoding=\"async\" class=\"alignnone size-medium wp-image-1295\" src=\"https:\/\/i0.wp.com\/pureux.org\/wp-content\/uploads\/2018\/06\/20180620_210548-300x169.jpg?resize=300%2C169&#038;ssl=1\" alt=\"\" width=\"300\" height=\"169\" \/>\u00a0\u00a0 <img data-recalc-dims=\"1\" loading=\"lazy\" decoding=\"async\" class=\"alignnone size-medium wp-image-1296\" src=\"https:\/\/i0.wp.com\/pureux.org\/wp-content\/uploads\/2018\/06\/20180620_210503-300x180.jpg?resize=300%2C180&#038;ssl=1\" alt=\"\" width=\"300\" height=\"180\" \/><\/p>\n<p>&nbsp;<\/p>\n<p>&nbsp;<\/p>\n<p><span style=\"color: #0000ff;\"><strong>1\u00e8re r\u00e9union de l&#8217;ann\u00e9e : 18 janvier<\/strong> <\/span><\/p>\n<p><img data-recalc-dims=\"1\" loading=\"lazy\" decoding=\"async\" class=\"wp-image-963 alignright\" src=\"https:\/\/i0.wp.com\/pureux.org\/wp-content\/uploads\/2018\/02\/20180118_184350-209x300.jpg?resize=225%2C323&#038;ssl=1\" alt=\"\" width=\"225\" height=\"323\" \/>\u00a0\u00a0 <img data-recalc-dims=\"1\" loading=\"lazy\" decoding=\"async\" class=\"wp-image-962 alignright\" src=\"https:\/\/i0.wp.com\/pureux.org\/wp-content\/uploads\/2018\/02\/20180118_184352-e1519246029147-169x300.jpg?resize=175%2C311&#038;ssl=1\" alt=\"\" width=\"175\" height=\"311\" \/><\/p>\n<p><img data-recalc-dims=\"1\" loading=\"lazy\" decoding=\"async\" class=\"alignnone wp-image-964\" src=\"https:\/\/i0.wp.com\/pureux.org\/wp-content\/uploads\/2018\/02\/20180118_203355-300x160.jpg?resize=429%2C229&#038;ssl=1\" alt=\"\" width=\"429\" height=\"229\" \/><\/p>\n<h4><span style=\"color: #008000;\"><strong><em>Lors du pot de l&#8217;amiti\u00e9 qui r\u00e9compense le travail acharn\u00e9, nous avons trinqu\u00e9 \u00e0 nos amis Rroms qui nous offraient une tr\u00e8s bonne bi\u00e8re de Roumanie<\/em><\/strong><\/span><\/h4>\n<p>&nbsp;<\/p>\n<h2><span style=\"color: #0bb052;\"><span style=\"color: #008000;\">2017<\/span><\/span><\/h2>\n<figure id=\"attachment_669\" aria-describedby=\"caption-attachment-669\" style=\"width: 321px\" class=\"wp-caption alignleft\"><img data-recalc-dims=\"1\" loading=\"lazy\" decoding=\"async\" class=\" wp-image-669\" src=\"https:\/\/i0.wp.com\/pureux.org\/wp-content\/uploads\/2017\/03\/2017-06-01-23.18.15_resized-300x169.jpg?resize=321%2C181&#038;ssl=1\" alt=\"\" width=\"321\" height=\"181\" \/><figcaption id=\"caption-attachment-669\" class=\"wp-caption-text\"><span style=\"color: #99cc00;\"><em><span style=\"color: #008000;\"><strong>Lors d&#8217;une de nos r\u00e9unions nous avons f\u00eat\u00e9 les\u00a0 ans de Bruno !! <\/strong><\/span><br \/><\/em><\/span><\/figcaption><\/figure>\n<p>&nbsp;<\/p>\n<p><img data-recalc-dims=\"1\" loading=\"lazy\" decoding=\"async\" class=\"wp-image-670 alignleft\" src=\"https:\/\/i0.wp.com\/pureux.org\/wp-content\/uploads\/2017\/03\/2017-06-01-23.17.24_resized-300x169.jpg?resize=322%2C182&#038;ssl=1\" alt=\"\" width=\"322\" height=\"182\" \/><\/p>\n<p>&nbsp;<\/p>\n<h2><\/h2>\n<h2><\/h2>\n<h2><\/h2>\n<h2><\/h2>\n<h2><\/h2>\n<p>&nbsp;<\/p>\n<h3><span style=\"color: #800080;\"><strong>Et, ci-apr\u00e8s<br \/>\nune petite r\u00e9trospective\u00a0 &#8230;. \u00e9volutive<br \/>\n<\/strong><\/span><\/h3>\n<p>&nbsp;<\/p>\n\n<h2><span style=\"color: #b05353;\"><em>\u00a0<\/em><\/span><\/h2>\n","protected":false},"excerpt":{"rendered":"<p>2018 &nbsp; 20 juin :\u00a0 R\u00e9union du solstice &#8230; derni\u00e8re r\u00e9union avant la pause d&#8217;\u00e9t\u00e9 Nous f\u00eatons les anniversaires de Sonia et de Maurice &#8230; apr\u00e8s avoir travaill\u00e9 aux id\u00e9es \u00e0 mettre en forme pour[&#8230;]<\/p>\n","protected":false},"author":2,"featured_media":0,"parent":0,"menu_order":0,"comment_status":"closed","ping_status":"closed","template":"","meta":{"jetpack_post_was_ever_published":false,"footnotes":""},"class_list":["post-113","page","type-page","status-publish","hentry"],"jetpack_sharing_enabled":true,"jetpack_shortlink":"https:\/\/wp.me\/P8QBzY-1P","jetpack-related-posts":[],"_links":{"self":[{"href":"https:\/\/pureux.org\/index.php\/wp-json\/wp\/v2\/pages\/113","targetHints":{"allow":["GET"]}}],"collection":[{"href":"https:\/\/pureux.org\/index.php\/wp-json\/wp\/v2\/pages"}],"about":[{"href":"https:\/\/pureux.org\/index.php\/wp-json\/wp\/v2\/types\/page"}],"author":[{"embeddable":true,"href":"https:\/\/pureux.org\/index.php\/wp-json\/wp\/v2\/users\/2"}],"replies":[{"embeddable":true,"href":"https:\/\/pureux.org\/index.php\/wp-json\/wp\/v2\/comments?post=113"}],"version-history":[{"count":18,"href":"https:\/\/pureux.org\/index.php\/wp-json\/wp\/v2\/pages\/113\/revisions"}],"predecessor-version":[{"id":2437,"href":"https:\/\/pureux.org\/index.php\/wp-json\/wp\/v2\/pages\/113\/revisions\/2437"}],"wp:attachment":[{"href":"https:\/\/pureux.org\/index.php\/wp-json\/wp\/v2\/media?parent=113"}],"curies":[{"name":"wp","href":"https:\/\/api.w.org\/{rel}","templated":true}]}}